{"id":481,"date":"2017-07-03T14:53:15","date_gmt":"2017-07-03T14:53:15","guid":{"rendered":"https:\/\/www.studiolegalepadovani.com\/luca-luparia\/"},"modified":"2017-09-05T10:16:53","modified_gmt":"2017-09-05T10:16:53","slug":"luca-luparia","status":"publish","type":"page","link":"https:\/\/www.studiolegalepadovani.com\/en\/luca-luparia\/","title":{"rendered":"Luca Lup\u00e1ria"},"content":{"rendered":"<p><div class=\"fusion-fullwidth fullwidth-box fusion-builder-row-1 nonhundred-percent-fullwidth non-hundred-percent-height-scrolling fusion-no-small-visibility\" style=\"--awb-border-radius-top-left:0px;--awb-border-radius-top-right:0px;--awb-border-radius-bottom-right:0px;--awb-border-radius-bottom-left:0px;--awb-flex-wrap:wrap;\" ><div class=\"fusion-builder-row fusion-row\"><div class=\"fusion-layout-column fusion_builder_column fusion-builder-column-0 fusion_builder_column_1_1 1_1 fusion-one-full fusion-column-first fusion-column-last\" style=\"--awb-bg-size:cover;--awb-margin-top:0px;--awb-margin-bottom:0px;\"><div class=\"fusion-column-wrapper fusion-flex-column-wrapper-legacy\"><div class=\"fusion-image-element fusion-image-align-center in-legacy-container\" style=\"text-align:center;--awb-caption-title-font-family:var(--h2_typography-font-family);--awb-caption-title-font-weight:var(--h2_typography-font-weight);--awb-caption-title-font-style:var(--h2_typography-font-style);--awb-caption-title-size:var(--h2_typography-font-size);--awb-caption-title-transform:var(--h2_typography-text-transform);--awb-caption-title-line-height:var(--h2_typography-line-height);--awb-caption-title-letter-spacing:var(--h2_typography-letter-spacing);\"><div class=\"imageframe-align-center\"><span class=\" fusion-imageframe imageframe-none imageframe-1 hover-type-none\"><img decoding=\"async\" width=\"800\" height=\"534\" title=\"quadro corte di cassazione studio legale chiara padovani\" src=\"https:\/\/www.studiolegalepadovani.com\/wp-content\/uploads\/studio-legale-padovani-quadro.jpg\" alt class=\"img-responsive wp-image-905\" srcset=\"https:\/\/www.studiolegalepadovani.com\/wp-content\/uploads\/studio-legale-padovani-quadro-200x134.jpg 200w, https:\/\/www.studiolegalepadovani.com\/wp-content\/uploads\/studio-legale-padovani-quadro-400x267.jpg 400w, https:\/\/www.studiolegalepadovani.com\/wp-content\/uploads\/studio-legale-padovani-quadro-600x401.jpg 600w, https:\/\/www.studiolegalepadovani.com\/wp-content\/uploads\/studio-legale-padovani-quadro.jpg 800w\" sizes=\"(max-width: 800px) 100vw, 800px\" \/><\/span><\/div><\/div><div class=\"fusion-clearfix\"><\/div><\/div><\/div><div class=\"fusion-layout-column fusion_builder_column fusion-builder-column-1 fusion_builder_column_1_3 1_3 fusion-one-third fusion-column-first\" style=\"--awb-bg-size:cover;width:33.333333333333%;width:calc(33.333333333333% - ( ( 4% ) * 0.33333333333333 ) );margin-right: 4%;\"><div class=\"fusion-column-wrapper fusion-flex-column-wrapper-legacy\"><div class=\"fusion-title title fusion-title-1 fusion-sep-none fusion-title-text fusion-title-size-one\" style=\"--awb-margin-bottom:0px;--awb-margin-top-small:0px;--awb-margin-right-small:0px;--awb-margin-bottom-small:20px;--awb-margin-left-small:0px;\"><h1 class=\"fusion-title-heading title-heading-left fusion-responsive-typography-calculated\" style=\"margin:0;--fontSize:24;--minFontSize:24;line-height:1.5;\"><span style=\"font-size: 30px; line-height: 40px; margin-bottom: 20px;\">Prof. Avv. Luca Lup\u00e1ria<\/span><\/h1><\/div><div class=\"fusion-title title fusion-title-2 fusion-sep-none fusion-title-text fusion-title-size-four\" style=\"--awb-margin-bottom:10px;--awb-margin-top-small:0px;--awb-margin-right-small:0px;--awb-margin-bottom-small:20px;--awb-margin-left-small:0px;\"><h4 class=\"fusion-title-heading title-heading-left fusion-responsive-typography-calculated\" style=\"margin:0;--fontSize:18;--minFontSize:18;line-height:1.5;\">O.C.<\/h4><\/div><div class=\"fusion-social-links fusion-social-links-1\" style=\"--awb-margin-top:0px;--awb-margin-right:0px;--awb-margin-bottom:0px;--awb-margin-left:0px;--awb-box-border-top:0px;--awb-box-border-right:0px;--awb-box-border-bottom:0px;--awb-box-border-left:0px;--awb-icon-colors-hover:rgba(255,255,255,0.8);--awb-box-colors-hover:rgba(0,0,51,0.8);--awb-box-border-color:var(--awb-color3);--awb-box-border-color-hover:var(--awb-color4);\"><div class=\"fusion-social-networks boxed-icons color-type-custom\"><div class=\"fusion-social-networks-wrapper\"><a class=\"fusion-social-network-icon fusion-tooltip fusion-linkedin awb-icon-linkedin\" style=\"color:#ffffff;font-size:16px;width:16px;background-color:#000033;border-color:#000033;border-radius:50%;\" data-placement=\"top\" data-title=\"LinkedIn\" data-toggle=\"tooltip\" title=\"LinkedIn\" aria-label=\"linkedin\" target=\"_blank\" rel=\"noopener noreferrer\" href=\"https:\/\/www.linkedin.com\/in\/luca-lup%C3%A1ria\/\"><\/a><\/div><\/div><\/div><div class=\"fusion-clearfix\"><\/div><\/div><\/div><div class=\"fusion-layout-column fusion_builder_column fusion-builder-column-2 fusion_builder_column_2_3 2_3 fusion-two-third fusion-column-last\" style=\"--awb-bg-size:cover;width:66.666666666667%;width:calc(66.666666666667% - ( ( 4% ) * 0.66666666666667 ) );\"><div class=\"fusion-column-wrapper fusion-flex-column-wrapper-legacy\"><div class=\"fusion-text fusion-text-1\"><p>Luca Lup\u00e1ria is consultant of the Law Firm. He is Full Professor of Criminal Procedure at the Universit\u00e0 degli Studi Roma Tre. He is a criminal lawyer at the Court of Milan and he is admitted to the Court of Cassation and other Higher Courts.<\/p>\n<p>Visiting professor at primary European and American universities, he is author of many monographs and over hundreds scientific publications, published internationally, on the core issues of criminal justice.<\/p>\n<p>For several years now he has been working on criminal law applied to economics, with special reference to corporate, bank, tax and bankruptcy crimes, environmental crimes and cyber crimes. Other areas of practice are corporate criminal liability pursuant to the provisions in the Legislative Decree no. 231\/2001, and counselling on corporate management and organization models.<\/p>\n<p>He is member of Supervisory Bodies of leading Italian companies and advisor of multinational enterprises.<\/p>\n<p>He is the owner of the <a href=\"http:\/\/studioluparia.it\/?lang=en\" target=\"_blank\" rel=\"noopener\">Lup\u00e1ria Law Firm<\/a> in Milan. He works in Italian, French and English.<\/p>\n<\/div><div class=\"fusion-clearfix\"><\/div><\/div><\/div><\/div><\/div><div class=\"fusion-fullwidth fullwidth-box fusion-builder-row-2 nonhundred-percent-fullwidth non-hundred-percent-height-scrolling fusion-no-medium-visibility fusion-no-large-visibility\" style=\"--awb-border-radius-top-left:0px;--awb-border-radius-top-right:0px;--awb-border-radius-bottom-right:0px;--awb-border-radius-bottom-left:0px;--awb-flex-wrap:wrap;\" ><div class=\"fusion-builder-row fusion-row\"><div class=\"fusion-layout-column fusion_builder_column fusion-builder-column-3 fusion_builder_column_1_1 1_1 fusion-one-full fusion-column-first fusion-column-last\" style=\"--awb-bg-size:cover;--awb-margin-top:0px;--awb-margin-bottom:0px;\"><div class=\"fusion-column-wrapper fusion-flex-column-wrapper-legacy\"><div class=\"fusion-image-element fusion-image-align-center in-legacy-container\" style=\"text-align:center;--awb-caption-title-font-family:var(--h2_typography-font-family);--awb-caption-title-font-weight:var(--h2_typography-font-weight);--awb-caption-title-font-style:var(--h2_typography-font-style);--awb-caption-title-size:var(--h2_typography-font-size);--awb-caption-title-transform:var(--h2_typography-text-transform);--awb-caption-title-line-height:var(--h2_typography-line-height);--awb-caption-title-letter-spacing:var(--h2_typography-letter-spacing);\"><div class=\"imageframe-align-center\"><span class=\" fusion-imageframe imageframe-none imageframe-2 hover-type-none\"><img decoding=\"async\" width=\"800\" height=\"534\" title=\"quadro corte di cassazione studio legale chiara padovani\" src=\"https:\/\/www.studiolegalepadovani.com\/wp-content\/uploads\/studio-legale-padovani-quadro.jpg\" alt class=\"img-responsive wp-image-905\" srcset=\"https:\/\/www.studiolegalepadovani.com\/wp-content\/uploads\/studio-legale-padovani-quadro-200x134.jpg 200w, https:\/\/www.studiolegalepadovani.com\/wp-content\/uploads\/studio-legale-padovani-quadro-400x267.jpg 400w, https:\/\/www.studiolegalepadovani.com\/wp-content\/uploads\/studio-legale-padovani-quadro-600x401.jpg 600w, https:\/\/www.studiolegalepadovani.com\/wp-content\/uploads\/studio-legale-padovani-quadro.jpg 800w\" sizes=\"(max-width: 800px) 100vw, 800px\" \/><\/span><\/div><\/div><div class=\"fusion-sep-clear\"><\/div><div class=\"fusion-separator fusion-full-width-sep\" style=\"margin-left: auto;margin-right: auto;margin-top:20px;width:100%;\"><\/div><div class=\"fusion-sep-clear\"><\/div><div class=\"fusion-title title fusion-title-3 fusion-sep-none fusion-title-text fusion-title-size-one\" style=\"--awb-margin-bottom:0px;--awb-margin-top-small:0px;--awb-margin-right-small:0px;--awb-margin-bottom-small:20px;--awb-margin-left-small:0px;\"><h1 class=\"fusion-title-heading title-heading-left fusion-responsive-typography-calculated\" style=\"margin:0;--fontSize:24;--minFontSize:24;line-height:1.5;\"><span style=\"font-size: 30px; line-height: 40px; margin-bottom: 20px;\">Prof. Avv. Luca Lup\u00e1ria<\/span><\/h1><\/div><div class=\"fusion-title title fusion-title-4 fusion-sep-none fusion-title-text fusion-title-size-four\" style=\"--awb-margin-bottom:10px;--awb-margin-top-small:0px;--awb-margin-right-small:0px;--awb-margin-bottom-small:20px;--awb-margin-left-small:0px;\"><h4 class=\"fusion-title-heading title-heading-left fusion-responsive-typography-calculated\" style=\"margin:0;--fontSize:18;--minFontSize:18;line-height:1.5;\">O.C.<\/h4><\/div><div class=\"fusion-social-links fusion-social-links-2\" style=\"--awb-margin-top:0px;--awb-margin-right:0px;--awb-margin-bottom:0px;--awb-margin-left:0px;--awb-box-border-top:0px;--awb-box-border-right:0px;--awb-box-border-bottom:0px;--awb-box-border-left:0px;--awb-icon-colors-hover:rgba(255,255,255,0.8);--awb-box-colors-hover:rgba(0,0,51,0.8);--awb-box-border-color:var(--awb-color3);--awb-box-border-color-hover:var(--awb-color4);\"><div class=\"fusion-social-networks boxed-icons color-type-custom\"><div class=\"fusion-social-networks-wrapper\"><a class=\"fusion-social-network-icon fusion-tooltip fusion-linkedin awb-icon-linkedin\" style=\"color:#ffffff;font-size:16px;width:16px;background-color:#000033;border-color:#000033;border-radius:50%;\" data-placement=\"top\" data-title=\"LinkedIn\" data-toggle=\"tooltip\" title=\"LinkedIn\" aria-label=\"linkedin\" target=\"_blank\" rel=\"noopener noreferrer\" href=\"#\"><\/a><\/div><\/div><\/div><div class=\"fusion-text fusion-text-2\"><p>Luca Lup\u00e1ria is consultant of the Law Firm. He is Full Professor of Criminal Procedure at the Universit\u00e0 degli Studi Roma Tre. He is a criminal lawyer at the Court of Milan and he is admitted to the Court of Cassation and other Higher Courts.<\/p>\n<p>Visiting professor at primary European and American universities, he is author of many monographs and over hundreds scientific publications, published internationally, on the core issues of criminal justice.<\/p>\n<p>For several years now he has been working on criminal law applied to economics, with special reference to corporate, bank, tax and bankruptcy crimes, environmental crimes and cyber crimes. Other areas of practice are corporate criminal liability pursuant to the provisions in the Legislative Decree no. 231\/2001, and counselling on corporate management and organization models.<\/p>\n<p>He is member of Supervisory Bodies of leading Italian companies and advisor of multinational enterprises.<\/p>\n<p>He is the owner of the <a href=\"http:\/\/studioluparia.it\/?lang=en\" target=\"_blank\">Lup\u00e1ria Law Firm<\/a> in Milan. He works in Italian, French and English.<\/p>\n<\/div><div class=\"fusion-clearfix\"><\/div><\/div><\/div><\/div><\/div><\/p>\n","protected":false},"excerpt":{"rendered":"","protected":false},"author":3,"featured_media":0,"parent":0,"menu_order":0,"comment_status":"closed","ping_status":"closed","template":"100-width.php","meta":{"footnotes":""},"class_list":["post-481","page","type-page","status-publish","hentry"],"yoast_head":"<!-- This site is optimized with the Yoast SEO plugin v27.2 - https:\/\/yoast.com\/product\/yoast-seo-wordpress\/ -->\n<title>Chiara Padovani Law Firm - Luca Lup\u00e1ria Profile<\/title>\n<meta name=\"description\" content=\"Biography of Luca Lup\u00e1ria, consultant of the Law Firm and Full Professor of Criminal Procedure at the Universit\u00e0 degli Studi Roma Tre.\" \/>\n<meta name=\"robots\" content=\"index, follow, max-snippet:-1, max-image-preview:large, max-video-preview:-1\" \/>\n<link rel=\"canonical\" href=\"https:\/\/www.studiolegalepadovani.com\/en\/luca-luparia\/\" \/>\n<meta property=\"og:locale\" content=\"en_US\" \/>\n<meta property=\"og:type\" content=\"article\" \/>\n<meta property=\"og:title\" content=\"Chiara Padovani Law Firm - Luca Lup\u00e1ria Profile\" \/>\n<meta property=\"og:description\" content=\"Biography of Luca Lup\u00e1ria, consultant of the Law Firm and Full Professor of Criminal Procedure at the Universit\u00e0 degli Studi Roma Tre.\" \/>\n<meta property=\"og:url\" content=\"https:\/\/www.studiolegalepadovani.com\/en\/luca-luparia\/\" \/>\n<meta property=\"og:site_name\" content=\"Studio Legale Chiara Padovani\" \/>\n<meta property=\"article:modified_time\" content=\"2017-09-05T10:16:53+00:00\" \/>\n<meta property=\"og:image\" content=\"https:\/\/www.studiolegalepadovani.com\/wp-content\/uploads\/studio-legale-padovani-fb-luparia.jpg\" \/>\n\t<meta property=\"og:image:width\" content=\"1200\" \/>\n\t<meta property=\"og:image:height\" content=\"630\" \/>\n\t<meta property=\"og:image:type\" content=\"image\/jpeg\" \/>\n<meta name=\"twitter:card\" content=\"summary_large_image\" \/>\n<meta name=\"twitter:title\" content=\"Chiara Padovani Law Firm - Luca Lup\u00e1ria Profile\" \/>\n<meta name=\"twitter:description\" content=\"Biography of Luca Lup\u00e1ria, consultant of the Law Firm and Full Professor of Criminal Procedure at the Universit\u00e0 degli Studi Roma Tre.\" \/>\n<meta name=\"twitter:image\" content=\"https:\/\/www.studiolegalepadovani.com\/wp-content\/uploads\/studio-legale-padovani-tw-luparia.jpg\" \/>\n<meta name=\"twitter:label1\" content=\"Est. reading time\" \/>\n\t<meta name=\"twitter:data1\" content=\"6 minutes\" \/>\n<script type=\"application\/ld+json\" class=\"yoast-schema-graph\">{\"@context\":\"https:\/\/schema.org\",\"@graph\":[{\"@type\":\"WebPage\",\"@id\":\"https:\/\/www.studiolegalepadovani.com\/en\/luca-luparia\/\",\"url\":\"https:\/\/www.studiolegalepadovani.com\/en\/luca-luparia\/\",\"name\":\"Chiara Padovani Law Firm - Luca Lup\u00e1ria Profile\",\"isPartOf\":{\"@id\":\"https:\/\/www.studiolegalepadovani.com\/#website\"},\"datePublished\":\"2017-07-03T14:53:15+00:00\",\"dateModified\":\"2017-09-05T10:16:53+00:00\",\"description\":\"Biography of Luca Lup\u00e1ria, consultant of the Law Firm and Full Professor of Criminal Procedure at the Universit\u00e0 degli Studi Roma Tre.\",\"breadcrumb\":{\"@id\":\"https:\/\/www.studiolegalepadovani.com\/en\/luca-luparia\/#breadcrumb\"},\"inLanguage\":\"en-US\",\"potentialAction\":[{\"@type\":\"ReadAction\",\"target\":[\"https:\/\/www.studiolegalepadovani.com\/en\/luca-luparia\/\"]}]},{\"@type\":\"BreadcrumbList\",\"@id\":\"https:\/\/www.studiolegalepadovani.com\/en\/luca-luparia\/#breadcrumb\",\"itemListElement\":[{\"@type\":\"ListItem\",\"position\":1,\"name\":\"Home\",\"item\":\"https:\/\/www.studiolegalepadovani.com\/en\/\"},{\"@type\":\"ListItem\",\"position\":2,\"name\":\"Luca Lup\u00e1ria\"}]},{\"@type\":\"WebSite\",\"@id\":\"https:\/\/www.studiolegalepadovani.com\/#website\",\"url\":\"https:\/\/www.studiolegalepadovani.com\/\",\"name\":\"Studio Legale Chiara Padovani\",\"description\":\"Studio Legale Chiara Padovani\",\"publisher\":{\"@id\":\"https:\/\/www.studiolegalepadovani.com\/#organization\"},\"potentialAction\":[{\"@type\":\"SearchAction\",\"target\":{\"@type\":\"EntryPoint\",\"urlTemplate\":\"https:\/\/www.studiolegalepadovani.com\/?s={search_term_string}\"},\"query-input\":{\"@type\":\"PropertyValueSpecification\",\"valueRequired\":true,\"valueName\":\"search_term_string\"}}],\"inLanguage\":\"en-US\"},{\"@type\":\"Organization\",\"@id\":\"https:\/\/www.studiolegalepadovani.com\/#organization\",\"name\":\"Studio Legale Chiara Padovani\",\"url\":\"https:\/\/www.studiolegalepadovani.com\/\",\"logo\":{\"@type\":\"ImageObject\",\"inLanguage\":\"en-US\",\"@id\":\"https:\/\/www.studiolegalepadovani.com\/#\/schema\/logo\/image\/\",\"url\":\"https:\/\/www.studiolegalepadovani.com\/wp-content\/uploads\/studio-legale-chiara-padovani-logo-main@2x.png\",\"contentUrl\":\"https:\/\/www.studiolegalepadovani.com\/wp-content\/uploads\/studio-legale-chiara-padovani-logo-main@2x.png\",\"width\":510,\"height\":214,\"caption\":\"Studio Legale Chiara Padovani\"},\"image\":{\"@id\":\"https:\/\/www.studiolegalepadovani.com\/#\/schema\/logo\/image\/\"},\"sameAs\":[\"https:\/\/www.linkedin.com\/company-beta\/11092560\/\"]}]}<\/script>\n<!-- \/ Yoast SEO plugin. -->","yoast_head_json":{"title":"Chiara Padovani Law Firm - Luca Lup\u00e1ria Profile","description":"Biography of Luca Lup\u00e1ria, consultant of the Law Firm and Full Professor of Criminal Procedure at the Universit\u00e0 degli Studi Roma Tre.","robots":{"index":"index","follow":"follow","max-snippet":"max-snippet:-1","max-image-preview":"max-image-preview:large","max-video-preview":"max-video-preview:-1"},"canonical":"https:\/\/www.studiolegalepadovani.com\/en\/luca-luparia\/","og_locale":"en_US","og_type":"article","og_title":"Chiara Padovani Law Firm - Luca Lup\u00e1ria Profile","og_description":"Biography of Luca Lup\u00e1ria, consultant of the Law Firm and Full Professor of Criminal Procedure at the Universit\u00e0 degli Studi Roma Tre.","og_url":"https:\/\/www.studiolegalepadovani.com\/en\/luca-luparia\/","og_site_name":"Studio Legale Chiara Padovani","article_modified_time":"2017-09-05T10:16:53+00:00","og_image":[{"width":1200,"height":630,"url":"https:\/\/www.studiolegalepadovani.com\/wp-content\/uploads\/studio-legale-padovani-fb-luparia.jpg","type":"image\/jpeg"}],"twitter_card":"summary_large_image","twitter_title":"Chiara Padovani Law Firm - Luca Lup\u00e1ria Profile","twitter_description":"Biography of Luca Lup\u00e1ria, consultant of the Law Firm and Full Professor of Criminal Procedure at the Universit\u00e0 degli Studi Roma Tre.","twitter_image":"https:\/\/www.studiolegalepadovani.com\/wp-content\/uploads\/studio-legale-padovani-tw-luparia.jpg","twitter_misc":{"Est. reading time":"6 minutes"},"schema":{"@context":"https:\/\/schema.org","@graph":[{"@type":"WebPage","@id":"https:\/\/www.studiolegalepadovani.com\/en\/luca-luparia\/","url":"https:\/\/www.studiolegalepadovani.com\/en\/luca-luparia\/","name":"Chiara Padovani Law Firm - Luca Lup\u00e1ria Profile","isPartOf":{"@id":"https:\/\/www.studiolegalepadovani.com\/#website"},"datePublished":"2017-07-03T14:53:15+00:00","dateModified":"2017-09-05T10:16:53+00:00","description":"Biography of Luca Lup\u00e1ria, consultant of the Law Firm and Full Professor of Criminal Procedure at the Universit\u00e0 degli Studi Roma Tre.","breadcrumb":{"@id":"https:\/\/www.studiolegalepadovani.com\/en\/luca-luparia\/#breadcrumb"},"inLanguage":"en-US","potentialAction":[{"@type":"ReadAction","target":["https:\/\/www.studiolegalepadovani.com\/en\/luca-luparia\/"]}]},{"@type":"BreadcrumbList","@id":"https:\/\/www.studiolegalepadovani.com\/en\/luca-luparia\/#breadcrumb","itemListElement":[{"@type":"ListItem","position":1,"name":"Home","item":"https:\/\/www.studiolegalepadovani.com\/en\/"},{"@type":"ListItem","position":2,"name":"Luca Lup\u00e1ria"}]},{"@type":"WebSite","@id":"https:\/\/www.studiolegalepadovani.com\/#website","url":"https:\/\/www.studiolegalepadovani.com\/","name":"Studio Legale Chiara Padovani","description":"Studio Legale Chiara Padovani","publisher":{"@id":"https:\/\/www.studiolegalepadovani.com\/#organization"},"potentialAction":[{"@type":"SearchAction","target":{"@type":"EntryPoint","urlTemplate":"https:\/\/www.studiolegalepadovani.com\/?s={search_term_string}"},"query-input":{"@type":"PropertyValueSpecification","valueRequired":true,"valueName":"search_term_string"}}],"inLanguage":"en-US"},{"@type":"Organization","@id":"https:\/\/www.studiolegalepadovani.com\/#organization","name":"Studio Legale Chiara Padovani","url":"https:\/\/www.studiolegalepadovani.com\/","logo":{"@type":"ImageObject","inLanguage":"en-US","@id":"https:\/\/www.studiolegalepadovani.com\/#\/schema\/logo\/image\/","url":"https:\/\/www.studiolegalepadovani.com\/wp-content\/uploads\/studio-legale-chiara-padovani-logo-main@2x.png","contentUrl":"https:\/\/www.studiolegalepadovani.com\/wp-content\/uploads\/studio-legale-chiara-padovani-logo-main@2x.png","width":510,"height":214,"caption":"Studio Legale Chiara Padovani"},"image":{"@id":"https:\/\/www.studiolegalepadovani.com\/#\/schema\/logo\/image\/"},"sameAs":["https:\/\/www.linkedin.com\/company-beta\/11092560\/"]}]}},"_links":{"self":[{"href":"https:\/\/www.studiolegalepadovani.com\/en\/wp-json\/wp\/v2\/pages\/481","targetHints":{"allow":["GET"]}}],"collection":[{"href":"https:\/\/www.studiolegalepadovani.com\/en\/wp-json\/wp\/v2\/pages"}],"about":[{"href":"https:\/\/www.studiolegalepadovani.com\/en\/wp-json\/wp\/v2\/types\/page"}],"author":[{"embeddable":true,"href":"https:\/\/www.studiolegalepadovani.com\/en\/wp-json\/wp\/v2\/users\/3"}],"replies":[{"embeddable":true,"href":"https:\/\/www.studiolegalepadovani.com\/en\/wp-json\/wp\/v2\/comments?post=481"}],"version-history":[{"count":0,"href":"https:\/\/www.studiolegalepadovani.com\/en\/wp-json\/wp\/v2\/pages\/481\/revisions"}],"wp:attachment":[{"href":"https:\/\/www.studiolegalepadovani.com\/en\/wp-json\/wp\/v2\/media?parent=481"}],"curies":[{"name":"wp","href":"https:\/\/api.w.org\/{rel}","templated":true}]}}